{"id":163,"date":"2024-06-06T08:15:20","date_gmt":"2024-06-06T11:15:20","guid":{"rendered":"https:\/\/salterietsvedjehamn.fi\/wp\/?page_id=163"},"modified":"2024-06-08T17:21:09","modified_gmt":"2024-06-08T20:21:09","slug":"contact-information","status":"publish","type":"page","link":"https:\/\/salterietsvedjehamn.fi\/wp\/sv\/contact-information\/","title":{"rendered":"Kontaktuppgifter"},"content":{"rendered":"\t\t<div data-elementor-type=\"wp-post\" data-elementor-id=\"163\" class=\"elementor elementor-163\">\n\t\t\t\t\t\t<section class=\"elementor-section elementor-top-section elementor-element elementor-element-c95bf7e elementor-section-boxed elementor-section-height-default elementor-section-height-default\" data-id=\"c95bf7e\" data-element_type=\"section\">\n\t\t\t\t\t\t<div class=\"elementor-container elementor-column-gap-default\">\n\t\t\t\t\t<div class=\"aux-parallax-section elementor-column elementor-col-100 elementor-top-column elementor-element elementor-element-446babe\" data-id=\"446babe\" data-element_type=\"column\">\n\t\t\t<div class=\"elementor-widget-wrap elementor-element-populated\">\n\t\t\t\t\t\t<div class=\"elementor-element elementor-element-648f8a6 elementor-widget elementor-widget-spacer\" data-id=\"648f8a6\" data-element_type=\"widget\" data-widget_type=\"spacer.default\">\n\t\t\t\t<div class=\"elementor-widget-container\">\n\t\t\t\t\t<div class=\"elementor-spacer\">\n\t\t\t<div class=\"elementor-spacer-inner\"><\/div>\n\t\t<\/div>\n\t\t\t\t<\/div>\n\t\t\t\t<\/div>\n\t\t\t\t\t<\/div>\n\t\t<\/div>\n\t\t\t\t\t<\/div>\n\t\t<\/section>\n\t\t\t\t<section class=\"elementor-section elementor-top-section elementor-element elementor-element-ebece39 elementor-reverse-tablet elementor-reverse-mobile elementor-section-boxed elementor-section-height-default elementor-section-height-default\" data-id=\"ebece39\" data-element_type=\"section\">\n\t\t\t\t\t\t<div class=\"elementor-container elementor-column-gap-extended\">\n\t\t\t\t\t<div class=\"aux-parallax-section elementor-column elementor-col-50 elementor-top-column elementor-element elementor-element-21e4a82\" data-id=\"21e4a82\" data-element_type=\"column\">\n\t\t\t<div class=\"elementor-widget-wrap elementor-element-populated\">\n\t\t\t\t\t\t<div class=\"elementor-element elementor-element-2a99d69 aux-appear-watch-animation aux-scale-down elementor-widget elementor-widget-aux_modern_heading\" data-id=\"2a99d69\" data-element_type=\"widget\" data-widget_type=\"aux_modern_heading.default\">\n\t\t\t\t<div class=\"elementor-widget-container\">\n\t\t\t<section class=\"aux-widget-modern-heading\">\n            <div class=\"aux-widget-inner\"><h3 class=\"aux-modern-heading-primary\">Grupper<\/h3><div class=\"aux-modern-heading-divider\"><\/div><\/div>\n        <\/section>\t\t<\/div>\n\t\t\t\t<\/div>\n\t\t\t\t<div class=\"elementor-element elementor-element-208028a elementor-widget elementor-widget-text-editor\" data-id=\"208028a\" data-element_type=\"widget\" data-widget_type=\"text-editor.default\">\n\t\t\t\t<div class=\"elementor-widget-container\">\n\t\t\t\t\t\t\t<p class=\"x_MsoNormal\"><span lang=\"SV\">V\u00e4lkommen till Caf\u00e9 Salteriet Svedjehamn, en idealisk plats f\u00f6r att njuta av god mat och fantastisk utsikt \u00f6ver havet. Oavsett om du planerar ett mindre m\u00f6te, en stor fest eller en trevlig sammankomst med v\u00e4nner, erbjuder vi flexibla l\u00f6sningar f\u00f6r alla typer av grupper.<\/span><\/p><ul type=\"disc\"><li class=\"x_MsoNormal\"><b><span lang=\"SV\">Avskild m\u00f6tesrum<\/span><\/b><span lang=\"SV\">: Passar f\u00f6r en lugn och privat upplevelse.<\/span><\/li><li class=\"x_MsoNormal\"><b><span lang=\"SV\">Stor Sal<\/span><\/b><span lang=\"SV\">: Anpassningsbar f\u00f6r br\u00f6llop, fester och stora evenemang.<\/span><\/li><li class=\"x_MsoNormal\"><b><span lang=\"SV\">Caf\u00e9del<\/span><\/b><span lang=\"SV\">: Mysig atmosf\u00e4r f\u00f6r informella sammankomster och fika med v\u00e4nner.<\/span><\/li><li class=\"x_MsoNormal\"><b><span lang=\"SV\">Terrasser p\u00e5 Vattnet<\/span><\/b><span lang=\"SV\">: Fantastisk utsikt och idealisk f\u00f6r sommarfester och mingel.<\/span><\/li><\/ul><p class=\"x_MsoNormal\"><span lang=\"SV\">Alla utrymmen kan bokas f\u00f6r fester, konferenser eller en trevlig stund med kompisg\u00e4nget. Vi erbjuder f\u00e4rdiga eller skr\u00e4ddarsydda menyer som anpassas efter dina \u00f6nskem\u00e5l. Kontakta oss f\u00f6r att planera och boka ditt n\u00e4sta evenemang<\/span><\/p>\t\t\t\t\t\t<\/div>\n\t\t\t\t<\/div>\n\t\t\t\t\t<\/div>\n\t\t<\/div>\n\t\t\t\t<div class=\"aux-parallax-section elementor-column elementor-col-50 elementor-top-column elementor-element elementor-element-2f5f243\" data-id=\"2f5f243\" data-element_type=\"column\">\n\t\t\t<div class=\"elementor-widget-wrap elementor-element-populated\">\n\t\t\t\t\t\t<div class=\"elementor-element elementor-element-61b8580 aux-appear-watch-animation aux-scale-down elementor-widget elementor-widget-aux_modern_heading\" data-id=\"61b8580\" data-element_type=\"widget\" data-widget_type=\"aux_modern_heading.default\">\n\t\t\t\t<div class=\"elementor-widget-container\">\n\t\t\t<section class=\"aux-widget-modern-heading\">\n            <div class=\"aux-widget-inner\"><h3 class=\"aux-modern-heading-primary\">Kontaktuppgifter<\/h3><div class=\"aux-modern-heading-divider\"><\/div><\/div>\n        <\/section>\t\t<\/div>\n\t\t\t\t<\/div>\n\t\t\t\t<div class=\"elementor-element elementor-element-55fe176 elementor-widget elementor-widget-text-editor\" data-id=\"55fe176\" data-element_type=\"widget\" data-widget_type=\"text-editor.default\">\n\t\t\t\t<div class=\"elementor-widget-container\">\n\t\t\t\t\t\t\t<div class=\"aux-modern-heading-description\"><p>Address :<\/p><p>Bj\u00f6rk\u00f6v\u00e4gen 1011, 65870, Bj\u00f6rk\u00f6by<\/p><p>Telefon:<\/p><p>+358 44 2398 821<\/p><p>Email:<\/p><p>info@salterietsvedjehamn.fi<\/p><\/div>\t\t\t\t\t\t<\/div>\n\t\t\t\t<\/div>\n\t\t\t\t\t<\/div>\n\t\t<\/div>\n\t\t\t\t\t<\/div>\n\t\t<\/section>\n\t\t\t\t<section class=\"elementor-section elementor-top-section elementor-element elementor-element-adf3aaf elementor-section-boxed elementor-section-height-default elementor-section-height-default\" data-id=\"adf3aaf\" data-element_type=\"section\">\n\t\t\t\t\t\t<div class=\"elementor-container elementor-column-gap-default\">\n\t\t\t\t\t<div class=\"aux-parallax-section elementor-column elementor-col-100 elementor-top-column elementor-element elementor-element-e688eda\" data-id=\"e688eda\" data-element_type=\"column\">\n\t\t\t<div class=\"elementor-widget-wrap elementor-element-populated\">\n\t\t\t\t\t\t<div class=\"elementor-element elementor-element-bad3463 elementor-widget elementor-widget-spacer\" data-id=\"bad3463\" data-element_type=\"widget\" data-widget_type=\"spacer.default\">\n\t\t\t\t<div class=\"elementor-widget-container\">\n\t\t\t\t\t<div class=\"elementor-spacer\">\n\t\t\t<div class=\"elementor-spacer-inner\"><\/div>\n\t\t<\/div>\n\t\t\t\t<\/div>\n\t\t\t\t<\/div>\n\t\t\t\t\t<\/div>\n\t\t<\/div>\n\t\t\t\t\t<\/div>\n\t\t<\/section>\n\t\t\t\t<\/div>\n\t\t","protected":false},"excerpt":{"rendered":"<p>Grupper V\u00e4lkommen till Caf\u00e9 Salteriet Svedjehamn, en idealisk plats f\u00f6r att njuta av god mat och fantastisk utsikt \u00f6ver havet. Oavsett om du planerar ett mindre m\u00f6te, en stor fest eller en trevlig sammankomst med v\u00e4nner, erbjuder vi flexibla l\u00f6sningar f\u00f6r alla typer av grupper. Avskild m\u00f6tesrum: Passar f\u00f6r en lugn och privat upplevelse. Stor [&hellip;]<\/p>\n","protected":false},"author":1,"featured_media":0,"parent":0,"menu_order":0,"comment_status":"closed","ping_status":"closed","template":"templates\/page-builder-content.php","meta":{"footnotes":""},"class_list":["post-163","page","type-page","status-publish","hentry"],"_links":{"self":[{"href":"https:\/\/salterietsvedjehamn.fi\/wp\/wp-json\/wp\/v2\/pages\/163","targetHints":{"allow":["GET"]}}],"collection":[{"href":"https:\/\/salterietsvedjehamn.fi\/wp\/wp-json\/wp\/v2\/pages"}],"about":[{"href":"https:\/\/salterietsvedjehamn.fi\/wp\/wp-json\/wp\/v2\/types\/page"}],"author":[{"embeddable":true,"href":"https:\/\/salterietsvedjehamn.fi\/wp\/wp-json\/wp\/v2\/users\/1"}],"replies":[{"embeddable":true,"href":"https:\/\/salterietsvedjehamn.fi\/wp\/wp-json\/wp\/v2\/comments?post=163"}],"version-history":[{"count":15,"href":"https:\/\/salterietsvedjehamn.fi\/wp\/wp-json\/wp\/v2\/pages\/163\/revisions"}],"predecessor-version":[{"id":488,"href":"https:\/\/salterietsvedjehamn.fi\/wp\/wp-json\/wp\/v2\/pages\/163\/revisions\/488"}],"wp:attachment":[{"href":"https:\/\/salterietsvedjehamn.fi\/wp\/wp-json\/wp\/v2\/media?parent=163"}],"curies":[{"name":"wp","href":"https:\/\/api.w.org\/{rel}","templated":true}]}}